{"id":87,"date":"2022-06-26T11:22:49","date_gmt":"2022-06-26T09:22:49","guid":{"rendered":"https:\/\/echoeg.com\/?page_id=87"},"modified":"2024-01-02T08:57:49","modified_gmt":"2024-01-02T07:57:49","slug":"kariera","status":"publish","type":"page","link":"https:\/\/echoeg.com\/en\/kariera\/","title":{"rendered":"Career"},"content":{"rendered":"<div class=\"wp-block-group\"><div class=\"wp-block-group__inner-container is-layout-flow wp-block-group-is-layout-flow\">\n<div class=\"wp-block-columns is-layout-flex wp-container-core-columns-is-layout-9d6595d7 wp-block-columns-is-layout-flex\">\n<div class=\"wp-block-column is-layout-flow wp-block-column-is-layout-flow\" style=\"flex-basis:100%\"><div class=\"wp-block-ub-expand ub-expand\" id=\"ub-expand-8596de51-fdeb-45ca-8cb9-e89f054e566f\" data-scroll-type=\"false\" data-scroll-amount=\"\" data-scroll-target=\"\">\n<div class=\"ub-expand-portion ub-expand-partial wp-block-ub-expand-portion\" id=\"ub-expand-partial-8596de51-fdeb-45ca-8cb9-e89f054e566f\" aria-hidden=\"false\">\n\t\t\t\n\n<h2 class=\"wp-block-heading\">Current job offers<\/h2>\n\n\n\n<p class=\"has-medium-font-size\"><strong>Junior Environmental Protection Specialist<\/strong><\/p>\n\n\n\t\t\t<a id=\"ub-expand-toggle-partial-8596de51-fdeb-45ca-8cb9-e89f054e566f\" class=\"ub-expand-toggle-button\" style=\"text-align: left; \" role=\"button\" aria-expanded=\"false\" aria-controls=\"ub-expand-full-8596de51-fdeb-45ca-8cb9-e89f054e566f\" tabindex=\"0\">\n\t\t\t\tshow more<br>\n\t\t\t<\/a>\n\t\t<\/div>\n\n<div class=\"ub-expand-portion ub-expand-full ub-hide wp-block-ub-expand-portion\" id=\"ub-expand-full-8596de51-fdeb-45ca-8cb9-e89f054e566f\" aria-hidden=\"true\">\n\t\t\t\n\n<p><\/p>\n\n\n\n<p><\/p>\n\n\n\n<p>We are looking for an independent and committed\u00a0<strong>junior environmental protection specialist<\/strong>!<\/p>\n\n\n\n<p><strong>Job description:<\/strong><\/p>\n\n\n\n<ul class=\"wp-block-list\">\n<li>Support for BDO, CRO, and BDS databases;<\/li>\n\n\n\n<li>Preparing data for environmental reports on waste management and air pollution emissions (including GUS, KOBIZE, BDO);<\/li>\n\n\n\n<li>Preparation of reports for administrative bodies in the field of environmental protection;<\/li>\n\n\n\n<li>Cooperation with relevant authorities and institutions;<\/li>\n\n\n\n<li>Monitoring and supervising changes in legal regulations related to environmental protection;<\/li>\n\n\n\n<li>Participation in audits assessing compliance with environmental protection regulations;\u00a0<\/li>\n\n\n\n<li>Preparing applications and necessary environmental documents;<\/li>\n\n\n\n<li>Monitoring the services market, analyzing trends and the needs of potential customers;<\/li>\n\n\n\n<li>Establishing business contacts and acquiring projects.<br><\/li>\n<\/ul>\n\n\n\n<h2 class=\"wp-block-heading has-medium-font-size\">Requirements<\/h2>\n\n\n\n<ul class=\"wp-block-list\">\n<li>Commitment \u2013 we want to work with someone who is eager to learn;<\/li>\n\n\n\n<li>Education in environmental protection, environmental engineering, environmental management, or other related fields;<\/li>\n\n\n\n<li>Experience \u2013 at least one year of experience in similar positions;\u00a0<\/li>\n\n\n\n<li>Knowledge \u2013 basic knowledge of environmental protection regulations and the ability to apply them in practice, as well as a good command of English;<\/li>\n\n\n\n<li>Independence \u2013 Your tasks will also include creating commercial offers based on company standards and customer needs \u2013 therefore, accuracy, professionalism, and timeliness are important.\u00a0<\/li>\n\n\n\n<li>Energy \u2013 we work well and efficiently, the whole team gives their all, and that's the kind of person we're looking for. We want you to be motivated, ready for change, willing to learn continuously, and able to work in a team.<\/li>\n\n\n\n<li>Good knowledge of computers and MS Office;<\/li>\n\n\n\n<li>Category B driver's license;<\/li>\n\n\n\n<li>Punctuality and conscientiousness;<\/li>\n\n\n\n<li>Passion and belief that it is worth caring for the natural environment.<br><\/li>\n<\/ul>\n\n\n\n<h2 class=\"wp-block-heading has-medium-font-size\">We offer<\/h2>\n\n\n\n<ul class=\"wp-block-list\">\n<li>Stable employment based on an employment contract at the company's office in Warsaw;<\/li>\n\n\n\n<li>Bonus program dependent on the achievement of objectives;<\/li>\n\n\n\n<li>The tools you need to do your job comfortably\u2014a computer, phone, company car (if you travel for work), good coffee, a large desk, and a work-friendly atmosphere.<\/li>\n\n\n\n<li>Opportunities for professional development;<\/li>\n\n\n\n<li>Specialized training<\/li>\n\n\n\n<li>Financial support for education, including further higher education \u2013 engineering, master's, postgraduate, and doctoral studies;<\/li>\n\n\n\n<li>An additional paid day off on your name day;<\/li>\n\n\n\n<li>Access to LUXMED private healthcare.<br><\/li>\n<\/ul>\n\n\n\n<p>ECHO Energy and Safety Sp. z o.o. is part of the ECHO Environmental Group, which was established in 2009 in response to growing interest in environmental consulting services in Poland, Central and Eastern Europe. We provide consulting services in the field of environmental protection, including legal compliance assessment, implementation and auditing of environmental management systems, energy management, quality and occupational safety, as well as field research on soil and water environment and assessment of occupational health and safety.<br>We offer employment at our main office in Warsaw \u2013 Al. Krakowska 110\/114, Building B27, rooms 22 and 23.<br>Please send applications containing your CV to:\u00a0<strong>echoeg@echoeg.com<\/strong>\u00a0with the job title from the advertisement in the subject line of the email.<\/p>\n\n\n\n<h2 class=\"wp-block-heading has-medium-font-size\">Other information<\/h2>\n\n\n\n<p><\/p>\n\n\n\n<p>Thank you for all your applications. Please note that we will only contact selected candidates.<\/p>\n\n\n\n<p><\/p>\n\n\n\n<p><br><strong>CONSENT TO THE PROCESSING OF PERSONAL DATA<br><\/strong>If the scope of the data you provide exceeds the scope specified in Article 22\u00b9 of the Labor Code, please include the following clause: \u201cI consent to the processing of my personal data for the purpose of participating in the recruitment process.\u201d<br>If you wish to participate in future recruitment processes organized by ECHO Energy and Safety Sp. z o.o., please include the following clause: \u201cI consent to the processing of my personal data for the purpose of participating in future recruitment processes organized by the Company\u201d (optional).<br>Article 13 of the GDPR \u2013 information obligation<br>For candidates applying for a job at ECHO Energy and Safety Sp. z o.o.<br>Please be advised that the administrator of your personal data is ECHO Energy and Safety Sp. z o.o., with its registered office at ul. Plantowa 5, 05-830 Nadarzyn; e-mail: echoeg@echoeg.com<\/p>\n\n\n\n<p>Your personal data will be processed in connection with the fulfillment of the legal obligation incumbent on the controller referred to in Article 22\u00b9 of the Labor Code and Article 6(1)(c) of Regulation (EU) 2016\/679 of the European Parliament and of the Council, or on the basis of consent (Article 6(1)(a) of Regulation (EU) 2016\/679 of the European Parliament and of the Council) in a situation where the scope of the data you provide exceeds the catalog specified in Article 22\u00b9 of the Labor Code. You have the right to request access to your personal data, rectification, erasure or restriction of processing, the right to object to processing, and the right to data portability. Providing data is voluntary, but necessary to participate in the recruitment process.<\/p>\n\n\n\n<p>Personal data will be processed until the recruitment process is completed, and in the case of consent to participate in future recruitment processes, until such consent is withdrawn.<\/p>\n\n\n\n<p>At the same time, we would like to inform you that you have the right to lodge a complaint with the President of the Personal Data Protection Office.<\/p>\n\n\n\t\t\t<a id=\"ub-expand-toggle-full-8596de51-fdeb-45ca-8cb9-e89f054e566f\" class=\"ub-expand-toggle-button\" style=\"text-align: left; \" role=\"button\" aria-expanded=\"true\" aria-controls=\"ub-expand-full-8596de51-fdeb-45ca-8cb9-e89f054e566f\" tabindex=\"0\">\n\t\t\t\tshow less\n\t\t\t<\/a>\n\t\t<\/div>\n<\/div>\n\n\n<p><strong>Junior Environmental Protection Specialist\u00a0<\/strong><\/p>\n\n\n\n<p class=\"has-medium-font-size\"><strong>Job description:<\/strong><\/p>\n\n\n\n<ul class=\"wp-block-list\">\n<li>Implementation of projects related to the analysis of embedded emissions (CBAM),<\/li>\n\n\n\n<li>Implementation of projects related to Extended Producer Responsibility (EPR) in the EU;<\/li>\n\n\n\n<li>Cooperation with external entities, including those outside the EU;<\/li>\n\n\n\n<li>Support for BDO, CRO, and BDS databases;<\/li>\n\n\n\n<li>Preparing data for environmental reports on waste management and air pollution emissions (including GUS, KOBIZE, BDO);<\/li>\n\n\n\n<li>Preparation of reports for administrative bodies in the field of environmental protection;<\/li>\n\n\n\n<li>Cooperation with relevant authorities and institutions;<\/li>\n\n\n\n<li>Monitoring and supervising changes in legal regulations related to environmental protection;<br>with environmental protection;<\/li>\n\n\n\n<li>Participation in audits assessing compliance with environmental protection regulations;<\/li>\n\n\n\n<li>Monitoring the services market, analyzing trends and competitors' activities;<\/li>\n\n\n\n<li>Establishing business contacts and acquiring projects.<\/li>\n\n\n\n<li>Constant search for eco-friendly solutions;<\/li>\n\n\n\n<li>Building and promoting an environmentally friendly culture among colleagues;<\/li>\n\n\n\n<li>Ongoing collaboration with other team members.<\/li>\n<\/ul>\n\n\n\n<p class=\"has-medium-font-size\"><strong>Requirements<\/strong><\/p>\n\n\n\n<ul class=\"wp-block-list\">\n<li>Commitment \u2013 we want to work with someone who is eager to learn;<\/li>\n\n\n\n<li>Education in environmental protection, environmental engineering, environmental management, or other related fields;<\/li>\n\n\n\n<li>Knowledge \u2013 basic knowledge of environmental protection regulations<br>and the ability to apply them in practice;<\/li>\n\n\n\n<li>Language \u2013 good knowledge of English;<\/li>\n\n\n\n<li>Good knowledge of computers and MS Office;<\/li>\n\n\n\n<li>Good organization of one's own work and ability to work in a team;<\/li>\n\n\n\n<li>Independence in action;<\/li>\n\n\n\n<li>Ability to communicate effectively, both verbally and in writing;<\/li>\n\n\n\n<li>Punctuality and conscientiousness;<\/li>\n\n\n\n<li>Passion and belief that it is worth caring for the natural environment.<\/li>\n<\/ul>\n\n\n\n<p class=\"has-medium-font-size\"><strong>Acceptable<\/strong>&nbsp;<\/p>\n\n\n\n<ul class=\"wp-block-list\">\n<li>Knowledge of the CBAM (Carbon Border Adjustment Mechanism);<\/li>\n\n\n\n<li>Implementation of projects related to carbon footprint analysis;<\/li>\n\n\n\n<li>Professional activity on social media<\/li>\n<\/ul>\n\n\n\n<p class=\"has-medium-font-size\"><strong>We offer<\/strong><\/p>\n\n\n\n<ul class=\"wp-block-list\">\n<li>Stable employment based on an employment contract at the company's office in Warsaw;<\/li>\n\n\n\n<li>Bonus program dependent on the achievement of objectives;<\/li>\n\n\n\n<li>Opportunities for professional development;<\/li>\n\n\n\n<li>Specialized training<\/li>\n\n\n\n<li>Financial support for education, including further higher education \u2013 engineering, master's, postgraduate, and doctoral studies;<\/li>\n\n\n\n<li>An additional paid day off on your name day;<\/li>\n\n\n\n<li>Refunds for tickets to cultural events;<\/li>\n\n\n\n<li>A friendly working atmosphere.<\/li>\n<\/ul>\n\n\n\n<p class=\"has-medium-font-size\"><strong>Information about the employer<\/strong><\/p>\n\n\n\n<p class=\"has-small-font-size\">ECHO Energy and Safety Sp. z o.o. is part of the ECHO Environmental Group, which was established in 2009 in response to growing interest in environmental consulting services in Poland, Central and Eastern Europe. We provide consulting services in the field of environmental protection, including legal compliance assessment, implementation and auditing of environmental management systems, energy management, quality and occupational safety, as well as field research on soil and water environment and assessment of occupational health and safety.<\/p>\n\n\n\n<p class=\"has-small-font-size\">Please send applications containing your CV to:&nbsp;<strong>echoeg@echoeg.com<\/strong> with the job title from the advertisement in the subject line of the email.<br><br>Thank you for all your applications. Please note that we will only contact selected candidates.<\/p>\n\n\n\n<p class=\"has-small-font-size\">CONSENT TO THE PROCESSING OF PERSONAL DATA<br>If the scope of the data you provide exceeds the scope specified in Article 22\u00b9 of the Labor Code, please include the following clause: \u201cI consent to the processing of my personal data for the purpose of participating in the recruitment process.\u201d<br>If you wish to participate in future recruitment processes organized by ECHO Energy and Safety Sp. z o.o., please include the following clause: \u201cI consent to the processing of my personal data for the purpose of participating in future recruitment processes organized by the Company\u201d (optional).<\/p>\n\n\n\n<p class=\"has-small-font-size\">Article 13 of the GDPR \u2013 information obligation<br>For candidates applying for a job at ECHO Energy and Safety Sp. z o.o.<\/p>\n\n\n\n<p class=\"has-small-font-size\">Please be advised that the administrator of your personal data is ECHO Energy and Safety Sp. z o.o., with its registered office at ul. Plantowa 5, 05-830 Nadarzyn; e-mail: echoeg@echoeg.com<br><br>Your personal data will be processed in connection with the fulfillment of the legal obligation incumbent on the controller referred to in Article 22\u00b9 of the Labor Code and Article 6(1)(c) of Regulation (EU) 2016\/679 of the European Parliament and of the Council, or on the basis of consent (Article 6(1)(a) of Regulation (EU) 2016\/679 of the European Parliament and of the Council) in a situation where the scope of the data you provide exceeds the catalog specified in Article 22\u00b9 of the Labor Code. You have the right to request access to your personal data, rectification, erasure or restriction of processing, the right to object to processing, and the right to data portability. Providing data is voluntary, but necessary to participate in the recruitment process.<br><br>Personal data will be processed until the recruitment process is completed, and in the case of consent to participate in future recruitment processes, until such consent is withdrawn.<br><br>At the same time, we would like to inform you that you have the right to lodge a complaint with the President of the Personal Data Protection Office.<\/p>\n\n\n\n<p><\/p>\n<\/div>\n<\/div>\n<\/div><\/div>","protected":false},"excerpt":{"rendered":"<p>M\u0142odszy Specjalista ds. Ochrony \u015arodowiska\u00a0 Opis stanowiska Wymagania Mile widziane&nbsp; Oferujemy Informacje o pracodawcy Firma ECHO Energy and Safety Sp. z o.o. nale\u017cy do grupy ECHO Environmental Group, kt\u00f3ra powsta\u0142a w 2009 roku w odpowiedzi na wzrastaj\u0105ce zainteresowanie us\u0142ugami konsultingu ochrony \u015brodowiska w Polsce, w Europie \u015arodkowej i Wschodniej. Zajmujemy si\u0119 mi\u0119dzy innymi doradztwem w [&hellip;]<\/p>\n","protected":false},"author":1,"featured_media":0,"parent":0,"menu_order":3,"comment_status":"closed","ping_status":"closed","template":"","meta":{"_acf_changed":false,"footnotes":""},"class_list":["post-87","page","type-page","status-publish","hentry"],"acf":[],"featured_image_src":null,"_links":{"self":[{"href":"https:\/\/echoeg.com\/en\/wp-json\/wp\/v2\/pages\/87","targetHints":{"allow":["GET"]}}],"collection":[{"href":"https:\/\/echoeg.com\/en\/wp-json\/wp\/v2\/pages"}],"about":[{"href":"https:\/\/echoeg.com\/en\/wp-json\/wp\/v2\/types\/page"}],"author":[{"embeddable":true,"href":"https:\/\/echoeg.com\/en\/wp-json\/wp\/v2\/users\/1"}],"replies":[{"embeddable":true,"href":"https:\/\/echoeg.com\/en\/wp-json\/wp\/v2\/comments?post=87"}],"version-history":[{"count":14,"href":"https:\/\/echoeg.com\/en\/wp-json\/wp\/v2\/pages\/87\/revisions"}],"predecessor-version":[{"id":931,"href":"https:\/\/echoeg.com\/en\/wp-json\/wp\/v2\/pages\/87\/revisions\/931"}],"wp:attachment":[{"href":"https:\/\/echoeg.com\/en\/wp-json\/wp\/v2\/media?parent=87"}],"curies":[{"name":"wp","href":"https:\/\/api.w.org\/{rel}","templated":true}]}}